{"id":2,"date":"2025-05-23T04:00:00","date_gmt":"2025-05-23T04:00:00","guid":{"rendered":"https:\/\/atespro.com\/?page_id=2"},"modified":"2025-05-28T23:17:52","modified_gmt":"2025-05-28T23:17:52","slug":"inicio","status":"publish","type":"page","link":"https:\/\/atespro.com\/","title":{"rendered":"Quienes Somos"},"content":{"rendered":"\n<div class=\"wp-block-columns is-layout-flex wp-container-core-columns-is-layout-9d6595d7 wp-block-columns-is-layout-flex\">\n<div class=\"wp-block-column is-layout-flow wp-block-column-is-layout-flow\">\n<p class=\"has-text-align-center has-global-color-8-color has-text-color has-link-color wp-elements-47db5bc5557a4334c6cb23194106850c\" style=\"font-size:16px\"><strong>\u00bfQuienes Somos?<\/strong><\/p>\n\n\n\n<p class=\"has-text-align-center has-global-color-8-color has-text-color has-link-color wp-elements-a6554242cce473d41127f56c1a1c7f92\" style=\"font-size:14px\"><strong>La Agencia T\u00e9cnica de Estructuraci\u00f3n de Proyectos<\/strong> es una firma de consultor\u00eda privada con m\u00e1s de 12 a\u00f1os de trayectoria y experiencia en la formulaci\u00f3n, estructuraci\u00f3n, gesti\u00f3n y gerencia de proyectos de inversi\u00f3n p\u00fablica y privada. La Agencia es una marca que pertenece a la empresa <strong>Grupo Pasi\u00f3n SAS <\/strong>identificada con NIT 900595934-9 y matricula mercantil registrada en C\u00e1mara de comercio de la ciudad de Bogot\u00e1 desde el 23 de enero de 2013.<\/p>\n\n\n\n<p class=\"has-text-align-center has-global-color-8-color has-text-color has-link-color wp-elements-a7d1d480013817031fc7ac4ebc35bbd0\" style=\"font-size:14px\"><em><strong>\u00abM\u00e1s de 187 Proyectos Formulados, estructurados, Gestionados y Gerenciados en Colombia, Panam\u00e1, Ecuador, Venezuela y Chile.\u00bb<\/strong><\/em><\/p>\n\n\n\n<p class=\"has-text-align-center has-global-color-8-color has-text-color has-link-color wp-elements-20590b6d1eefa8816005c5998dd898af\" style=\"font-size:14px\">Contamos con un gran equipo de profesionales especializados en ofrecer servicios de consultor\u00eda integral a las entidades p\u00fablicas y privadas de Latinoam\u00e9rica. La consultor\u00eda integral que le ofrecemos a nuestros aliados, se destaca por ser de alt\u00edsima calidad con el acompa\u00f1amiento y asesor\u00eda permanente en diferentes \u00e1reas: Administrativa, Jur\u00eddica, Financiera, Contable, Ingenier\u00eda, Sociolog\u00eda, Econom\u00eda, Pedagog\u00eda, Mercadeo, Producci\u00f3n, Tecnolog\u00eda, entre otras. La empresa se encuentra en proceso de certificaci\u00f3n ISO.<\/p>\n\n\n\n<p class=\"has-text-align-center has-global-color-8-color has-text-color has-link-color wp-elements-2ca510f788b2be914bd9f3ebe241becd\" style=\"font-size:14px\">En la actualidad, pensando en la atenci\u00f3n de sus aliados,\u00a0<strong>atespro<\/strong>\u00a0cuenta con diferentes oficinas ubicadas en Colombia y Ecuador (Bogot\u00e1, Pasto-Nari\u00f1o, Tumaco-Nari\u00f1o, Quito y Guayaquil).<\/p>\n\n\n\n<p class=\"has-text-align-center has-global-color-8-color has-text-color has-link-color wp-elements-a75285db10182e99df0cc4acccc8ea2b\" style=\"font-size:18px\">Cont\u00e1ctenos por medio del correo electr\u00f3nico <a href=\"mailto:info@atespro.com\">info@atespro.com<\/a> <\/p>\n<\/div>\n\n\n\n<div class=\"wp-block-column is-layout-flow wp-block-column-is-layout-flow\">\n<div class=\"alignnormal\"><div id=\"metaslider-id-176\" style=\"width: 100%; margin: 0 auto;\" class=\"ml-slider-3-98-0 metaslider metaslider-flex metaslider-176 ml-slider ms-theme-databold nav-hidden\" role=\"region\" aria-roledescription=\"Slideshow\" aria-label=\"Agencia t\u00e9cnica de estructuraci\u00f3n de proyectos intro\">\n    <div id=\"metaslider_container_176\">\n        <div id=\"metaslider_176\">\n            <ul class='slides'>\n                <li style=\"display: block; width: 100%;\" class=\"slide-178 ms-image \" aria-roledescription=\"slide\" aria-label=\"slide-178\" data-date=\"2025-05-27 12:15:02\"><img decoding=\"async\" src=\"https:\/\/atespro.com\/wp-content\/uploads\/2025\/05\/Atespro-Intro-img-004-0x0.png\" alt=\"Agencia T\u00e9cnica de Estructuraci\u00f3n de Proyectos\" class=\"slider-176 slide-178\" title=\"Atespro - Intro img-004\" \/><\/li>\n                <li style=\"display: none; width: 100%;\" class=\"slide-182 ms-image \" aria-roledescription=\"slide\" aria-label=\"slide-182\" data-date=\"2025-05-27 12:29:42\"><img decoding=\"async\" src=\"https:\/\/atespro.com\/wp-content\/uploads\/2025\/05\/Atespro-Intro-img-006-0x0.png\" alt=\"Agencia T\u00e9cnica de Estructuraci\u00f3n de Proyectos\" class=\"slider-176 slide-182\" title=\"Atespro - Intro img-006\" \/><\/li>\n            <\/ul>\n        <\/div>\n        \n    <\/div>\n<\/div><\/div>\n<\/div>\n<\/div>\n\n\n\n<div class=\"wp-block-columns is-layout-flex wp-container-core-columns-is-layout-9d6595d7 wp-block-columns-is-layout-flex\">\n<div class=\"wp-block-column has-base-3-color has-global-color-8-background-color has-text-color has-background has-link-color wp-elements-973a81b15487af5be5dd7fb60f85cf00 is-layout-flow wp-block-column-is-layout-flow\">\n<div class=\"wp-block-group\"><div class=\"wp-block-group__inner-container is-layout-constrained wp-block-group-is-layout-constrained\">\n<p class=\"has-text-align-center\" style=\"font-size:16px\"><em><strong>Misi\u00f3n<\/strong><\/em><\/p>\n\n\n\n<p class=\"has-text-align-center\" style=\"font-size:14px\"><em>Ser el aliado estrat\u00e9gico de las entidades territoriales y empresas privadas, con servicios<\/em>&nbsp;<em>de consultor\u00eda integral para el fortalecimiento de su gesti\u00f3n, formulaci\u00f3n,<\/em>&nbsp;<em>estructuraci\u00f3n, ejecuci\u00f3n, gerencia y evaluaci\u00f3n de proyectos en pro de su desarrollo.<\/em><\/p>\n<\/div><\/div>\n<\/div>\n\n\n\n<div class=\"wp-block-column has-base-3-color has-global-color-8-background-color has-text-color has-background has-link-color wp-elements-911dd7131947ef386ff292a59a515253 is-layout-flow wp-block-column-is-layout-flow\">\n<div class=\"wp-block-group\"><div class=\"wp-block-group__inner-container is-layout-constrained wp-block-group-is-layout-constrained\">\n<p class=\"has-text-align-center\" style=\"font-size:16px\"><strong><em>Visi\u00f3n<\/em><\/strong><\/p>\n\n\n\n<p class=\"has-text-align-center\" style=\"font-size:14px\"><em>Nuestro equipo trabaja para que en el a\u00f1o 2030 Proetnias sea un referente de calidad en la prestaci\u00f3n de servicios de consultor\u00eda integral para las empresas privadas y entidades p\u00fablicas territoriales de Latinoam\u00e9rica.<\/em><\/p>\n<\/div><\/div>\n<\/div>\n<\/div>\n\n\n\n<p class=\"has-text-align-center has-global-color-8-color has-text-color has-link-color wp-elements-fa55474fab888a5a903815c21cb37c67\" style=\"font-size:16px\"><strong>Nuestros valores<\/strong><\/p>\n\n\n\n<div class=\"wp-block-columns is-layout-flex wp-container-core-columns-is-layout-9d6595d7 wp-block-columns-is-layout-flex\">\n<div class=\"wp-block-column is-layout-flow wp-block-column-is-layout-flow\" style=\"font-size:15px\">\n<p class=\"has-text-align-center\"><img loading=\"lazy\" decoding=\"async\" width=\"150\" height=\"29\" class=\"wp-image-60\" style=\"width: 150px;\" src=\"https:\/\/atespro.com\/wp-content\/uploads\/2025\/05\/Proetnias-Verde.png\" alt=\"\" srcset=\"https:\/\/atespro.com\/wp-content\/uploads\/2025\/05\/Proetnias-Verde.png 512w, https:\/\/atespro.com\/wp-content\/uploads\/2025\/05\/Proetnias-Verde-300x59.png 300w\" sizes=\"auto, (max-width: 150px) 100vw, 150px\" \/><\/p>\n\n\n\n<p class=\"has-text-align-center has-global-color-8-color has-text-color has-link-color wp-elements-708a1583474d7b1d803bb62258019a10\" style=\"font-size:14px\">S<em>omos <strong>Responsabilidad <\/strong>porque reconocemos el impacto social en cada proyecto.<\/em><\/p>\n<\/div>\n\n\n\n<div class=\"wp-block-column is-layout-flow wp-block-column-is-layout-flow\" style=\"font-size:15px\">\n<p class=\"has-text-align-center\"><img loading=\"lazy\" decoding=\"async\" width=\"150\" height=\"29\" class=\"wp-image-59\" style=\"width: 150px;\" src=\"https:\/\/atespro.com\/wp-content\/uploads\/2025\/05\/Proetnias-img-Azul.png\" alt=\"\" srcset=\"https:\/\/atespro.com\/wp-content\/uploads\/2025\/05\/Proetnias-img-Azul.png 512w, https:\/\/atespro.com\/wp-content\/uploads\/2025\/05\/Proetnias-img-Azul-300x59.png 300w\" sizes=\"auto, (max-width: 150px) 100vw, 150px\" \/><\/p>\n\n\n\n<p class=\"has-text-align-center has-global-color-8-color has-text-color has-link-color wp-elements-d3f13c3db75a8a6784989353d30b4be6\" style=\"font-size:14px\"><em>Somos <strong>Innovaci\u00f3n<\/strong> porque nos interesa la implementaci\u00f3n de las nuevas rutas tecnol\u00f3gicas.<\/em><\/p>\n<\/div>\n\n\n\n<div class=\"wp-block-column is-layout-flow wp-block-column-is-layout-flow\" style=\"font-size:15px\">\n<p class=\"has-text-align-center\"><img loading=\"lazy\" decoding=\"async\" width=\"150\" height=\"29\" class=\"wp-image-51\" style=\"width: 150px;\" src=\"https:\/\/atespro.com\/wp-content\/uploads\/2025\/05\/Proetnias-Naranja.png\" alt=\"\" srcset=\"https:\/\/atespro.com\/wp-content\/uploads\/2025\/05\/Proetnias-Naranja.png 512w, https:\/\/atespro.com\/wp-content\/uploads\/2025\/05\/Proetnias-Naranja-300x59.png 300w\" sizes=\"auto, (max-width: 150px) 100vw, 150px\" \/><\/p>\n\n\n\n<p class=\"has-text-align-center has-global-color-8-color has-text-color has-link-color wp-elements-e4d0faae690ca1baf7e55cc86be60161\" style=\"font-size:14px\"><em>Somos <strong>Integridad<\/strong> porque trabajamos con transparencia<\/em> <em>en la construcci\u00f3n de una sociedad \u00f3ptima<\/em><\/p>\n<\/div>\n\n\n\n<div class=\"wp-block-column is-layout-flow wp-block-column-is-layout-flow\" style=\"font-size:15px\">\n<p class=\"has-text-align-center\"><img loading=\"lazy\" decoding=\"async\" width=\"150\" height=\"29\" class=\"wp-image-50\" style=\"width: 150px;\" src=\"https:\/\/atespro.com\/wp-content\/uploads\/2025\/05\/Proetnias-Morado.png\" alt=\"\" srcset=\"https:\/\/atespro.com\/wp-content\/uploads\/2025\/05\/Proetnias-Morado.png 512w, https:\/\/atespro.com\/wp-content\/uploads\/2025\/05\/Proetnias-Morado-300x59.png 300w\" sizes=\"auto, (max-width: 150px) 100vw, 150px\" \/><\/p>\n\n\n\n<p class=\"has-text-align-center has-global-color-8-color has-text-color has-link-color wp-elements-d21521c2e45c48159b101b8fc486a3c4\" style=\"font-size:14px\"><em>Somos <strong>Inclusi\u00f3n<\/strong> porque luchamos por visibilizar<\/em> <em>a las comunidades que est\u00e1n bajo la sombra.<\/em><\/p>\n<\/div>\n\n\n\n<div class=\"wp-block-column is-layout-flow wp-block-column-is-layout-flow\" style=\"font-size:15px\">\n<p class=\"has-text-align-center\"><img loading=\"lazy\" decoding=\"async\" width=\"150\" height=\"29\" class=\"wp-image-52\" style=\"width: 150px;\" src=\"https:\/\/atespro.com\/wp-content\/uploads\/2025\/05\/Proetnias-Rojo.png\" alt=\"\" srcset=\"https:\/\/atespro.com\/wp-content\/uploads\/2025\/05\/Proetnias-Rojo.png 512w, https:\/\/atespro.com\/wp-content\/uploads\/2025\/05\/Proetnias-Rojo-300x59.png 300w\" sizes=\"auto, (max-width: 150px) 100vw, 150px\" \/><\/p>\n\n\n\n<p class=\"has-text-align-center has-global-color-8-color has-text-color has-link-color wp-elements-16a75c550e79faabb71b1d526fa625fa\" style=\"font-size:14px\"><em>Somos <strong>Equidad <\/strong>porque creemos firmemente que<\/em> <em>el desarrollo es posible para todos.<\/em><\/p>\n<\/div>\n<\/div>\n\n\n\n<p class=\"has-text-align-center has-global-color-8-color has-contrast-3-background-color has-text-color has-background has-link-color wp-elements-dc5eed342a80923797faed1f66f73962\" style=\"font-size:14px\"><strong>\u00ab<em>El dise\u00f1o de nuestra marca est\u00e1 inspirado principalmente<\/em> <em>en los contornos de las huellas dactilares que denotan<\/em> <em>identidad, y la consigna de dejar marca en la historia de<\/em> <em>nuestros aliados; los colores como principio de diversidad<\/em> <em>cultural de las comunidades y sus proyectos de desarrollo; la<\/em> <em>direcci\u00f3n de los contornos que se apoyan y abrazan uno al otro<\/em> <em>como s\u00edmbolo de colectividad de nuestro equipo y las<\/em> <em>comunidades con miras hacia el avance de su sociedad.<\/em>\u00bb <\/strong> <em>Ing. Nelson Osorio CEO y Fundador del Grupo Pasion S.A.S.<\/em><\/p>\n\n\n\n<p class=\"has-text-align-center has-global-color-8-color has-text-color has-link-color wp-elements-cb8df2d65a350628cfd25e21ab2837be\"><strong>Proyectos destacados<\/strong><\/p>\n\n\n\n<div class=\"wp-block-group has-global-color-8-color has-base-background-color has-text-color has-background has-link-color wp-elements-b04113ef2127cb7614e5a6a167fb1801\"><div class=\"wp-block-group__inner-container is-layout-constrained wp-block-group-is-layout-constrained\">\n<div class=\"alignnormal\"><div id=\"metaslider-id-163\" style=\"width: 100%; margin: 0 auto;\" class=\"ml-slider-3-98-0 metaslider metaslider-flex metaslider-163 ml-slider hide-arrows-smartphone hide-navigation-smartphone ms-theme-cubic has-dots-nav has-dots-nav\" role=\"region\" aria-roledescription=\"Slideshow\" aria-label=\"Agencia T\u00e9cnica de Estructuraci\u00f3n de Proyectos &quot; atespro&quot;\" data-width=\"1920\">\n    <div id=\"metaslider_container_163\">\n        <div id=\"metaslider_163\">\n            <ul aria-live='off' class='slides'>\n                <li style=\"display: block; width: 100%;\" class=\"slide-168 ms-image \" aria-roledescription=\"slide\" aria-label=\"slide-168\" data-date=\"2025-05-27 10:32:41\"><img loading=\"lazy\" decoding=\"async\" src=\"https:\/\/atespro.com\/wp-content\/uploads\/2025\/05\/Vivienda-atespro-Barbacoas-Ricaurte.png\" height=\"700\" width=\"1920\" alt=\"Agencia T\u00e9cnica de Estructuraci\u00f3n de Proyectos\" class=\"slider-163 slide-168\" title=\"Vivienda atespro Barbacoas-Ricaurte\" \/><div class=\"caption-wrap\"><div class=\"caption\"><div> <div style=\"text-align:left;\"><strong>Proyecto: Construccci\u00f3n 200 Viviendas de Inter\u00e9s Social\u00a0 \u00a0 \/\u00a0 \u00a0 <\/strong><strong>Aliado:<\/strong> MinVivienda - Alcald\u00eda Barbacoas - Alcald\u00eda de Ricaurte<\/div> <div style=\"text-align:left;\"><strong>Municipio:<\/strong> Barbacoas - Ricaurte Nari\u00f1o\u00a0 \u00a0\/\u00a0 \u00a0<strong>A\u00f1o:<\/strong> 2021-2024 \/\u00a0 \u00a0<strong>Valor: <\/strong>$12.719.364.000<\/div> <\/div><\/div><\/div><\/li>\n                <li style=\"display: none; width: 100%;\" class=\"slide-203 ms-image \" aria-roledescription=\"slide\" aria-label=\"slide-203\" data-date=\"2025-05-27 15:31:00\"><img loading=\"lazy\" decoding=\"async\" src=\"https:\/\/atespro.com\/wp-content\/uploads\/2025\/05\/Atespro-Proyecto-de-Institucio\u0301n-educativa-IESTA.png\" height=\"700\" width=\"1920\" alt=\"Agencia T\u00e9cnica de Estructuraci\u00f3n de Proyectos\" class=\"slider-163 slide-203\" title=\"Atespro - Proyecto de Institucio\u0301n educativa IESTA\" \/><div class=\"caption-wrap\"><div class=\"caption\"><div> <div style=\"text-align:left;\"><strong>Proyecto: Construccci\u00f3n Infraestructura Educativa IESTA\u00a0 \u00a0 \/\u00a0 \u00a0 <\/strong><strong>Aliado:<\/strong> MinEducaci\u00f3n - Findeter - Alcald\u00eda Barbacoas<\/div> <div style=\"text-align:left;\"><strong>Municipio:<\/strong> Barbacoas - Nari\u00f1o\u00a0 \u00a0\/\u00a0 \u00a0<strong>A\u00f1o:<\/strong> 2015-2017\u00a0 \/\u00a0 \u00a0<strong>Valor: <\/strong>$2.124.409.000<\/div> <\/div><\/div><\/div><\/li>\n                <li style=\"display: none; width: 100%;\" class=\"slide-207 ms-image \" aria-roledescription=\"slide\" aria-label=\"slide-207\" data-date=\"2025-05-27 16:00:38\"><img loading=\"lazy\" decoding=\"async\" src=\"https:\/\/atespro.com\/wp-content\/uploads\/2025\/05\/Atespro-Proyecto-de-Puente-peatonal-Gran-Sa\u0301balo-1.png\" height=\"700\" width=\"1920\" alt=\"Agencia T\u00e9cnica de Estructuraci\u00f3n de Proyectos\" class=\"slider-163 slide-207\" title=\"Atespro - Proyecto de Puente peatonal Gran Sa\u0301balo\" \/><div class=\"caption-wrap\"><div class=\"caption\"><div> <div style=\"text-align:left;\"><strong>Proyecto: Construccci\u00f3n Puente Peatonal Gran S\u00e1balo\u00a0 \u00a0 \/\u00a0 \u00a0 <\/strong><strong>Aliado:<\/strong> DPS - Alcald\u00eda Barbacoas<\/div> <div style=\"text-align:left;\"><strong>Municipio:<\/strong> Barbacoas - Nari\u00f1o\u00a0 \u00a0\/\u00a0 \u00a0<strong>A\u00f1o:<\/strong> 2017\u00a0 \/\u00a0 \u00a0<strong>Valor: <\/strong>$2.136.805.000<\/div> <\/div><\/div><\/div><\/li>\n                <li style=\"display: none; width: 100%;\" class=\"slide-213 ms-image \" aria-roledescription=\"slide\" aria-label=\"slide-213\" data-date=\"2025-05-28 09:23:43\"><img loading=\"lazy\" decoding=\"async\" src=\"https:\/\/atespro.com\/wp-content\/uploads\/2025\/05\/Atespro-Proyecto-de-Vi\u0301a-Terciaria-Gran-Sa\u0301balo.png\" height=\"700\" width=\"1920\" alt=\"Agencia T\u00e9cnica de Estructuraci\u00f3n de Proyectos\" class=\"slider-163 slide-213\" title=\"Atespro - Proyecto de Vi\u0301a Terciaria Gran Sa\u0301balo\" \/><div class=\"caption-wrap\"><div class=\"caption\"><div> <div style=\"text-align:left;\"><strong>Proyecto: Construccci\u00f3n V\u00eda Terciaria Gran S\u00e1balo\u00a0 \u00a0 \/\u00a0 \u00a0 <\/strong><strong>Aliado:<\/strong> Alcald\u00eda Barbacoas<\/div> <div style=\"text-align:left;\"><strong>Municipio:<\/strong> Barbacoas - Nari\u00f1o\u00a0 \u00a0\/\u00a0 \u00a0<strong>A\u00f1o:<\/strong> 2017\u00a0 \/\u00a0 \u00a0<strong>Valor: <\/strong>$456.500.000<\/div> <\/div><\/div><\/div><\/li>\n                <li style=\"display: none; width: 100%;\" class=\"slide-164 ms-image \" aria-roledescription=\"slide\" aria-label=\"slide-164\" data-date=\"2025-05-27 10:22:58\"><img loading=\"lazy\" decoding=\"async\" src=\"https:\/\/atespro.com\/wp-content\/uploads\/2025\/05\/Atespro-Proyecto-de-Aula-de-Informa\u0301tica-IESTA.png\" height=\"700\" width=\"1920\" alt=\"Agencia T\u00e9cnica de Estructuraci\u00f3n de Proyectos\" class=\"slider-163 slide-164\" title=\"Atespro - Proyecto de Aula de Informa\u0301tica IESTA\" \/><div class=\"caption-wrap\"><div class=\"caption\"><div style=\"text-align:left;\"><strong>Proyecto: <\/strong>Construccci\u00f3n y Dotaci\u00f3n Aula de Inform\u00e1tica IESTA<strong> \/ <\/strong><strong>Aliado:<\/strong> Instituci\u00f3n educativa Sta. Teresita de Altaquer<\/div> <div style=\"text-align:left;\"><strong>Municipio:<\/strong> Barbacoas - Nari\u00f1o\u00a0 \/\u00a0 \u00a0<strong>A\u00f1o:<\/strong> 2017\u00a0 \/\u00a0 \u00a0<strong>Valor: <\/strong>$119.500.000<\/div><\/div><\/div><\/li>\n                <li style=\"display: none; width: 100%;\" class=\"slide-215 ms-image \" aria-roledescription=\"slide\" aria-label=\"slide-215\" data-date=\"2025-05-28 09:41:41\"><img loading=\"lazy\" decoding=\"async\" src=\"https:\/\/atespro.com\/wp-content\/uploads\/2025\/05\/Atespro-Proyecto-de-Aucueducto-Altaquer.png\" height=\"700\" width=\"1920\" alt=\"Agencia T\u00e9cnica de Estructuraci\u00f3n de Proyectos\" class=\"slider-163 slide-215\" title=\"Atespro - Proyecto de Aucueducto Altaquer\" \/><div class=\"caption-wrap\"><div class=\"caption\"><div style=\"text-align:left;\"><strong>Proyecto: <\/strong>Construccci\u00f3n Acueducto Altaquer<strong> \/ <\/strong><strong>Aliado:<\/strong> Junta de Acci\u00f3n Comunal<\/div> <div style=\"text-align:left;\"><strong>Municipio:<\/strong> Barbacoas - Nari\u00f1o\u00a0 \/\u00a0 \u00a0<strong>A\u00f1o:<\/strong> 2019\u00a0 \/\u00a0 \u00a0<strong>Valor: <\/strong>$90.500.000<\/div><\/div><\/div><\/li>\n                <li style=\"display: none; width: 100%;\" class=\"slide-217 ms-image \" aria-roledescription=\"slide\" aria-label=\"slide-217\" data-date=\"2025-05-28 10:16:10\"><img loading=\"lazy\" decoding=\"async\" src=\"https:\/\/atespro.com\/wp-content\/uploads\/2025\/05\/Atespro-Proyecto-de-Polideportivo-IESTA.png\" height=\"700\" width=\"1920\" alt=\"\" class=\"slider-163 slide-217\" title=\"Atespro - Proyecto de Polideportivo IESTA\" \/><div class=\"caption-wrap\"><div class=\"caption\"><div style=\"text-align:left;\"><strong>Proyecto: <\/strong>Construccci\u00f3n Placa Polideportiva Altaquer<strong> \/ <\/strong><strong>Aliado:<\/strong> Asociaci\u00f3n de Padres IESTA<\/div> <div style=\"text-align:left;\"><strong>Municipio:<\/strong> Barbacoas - Nari\u00f1o\u00a0 \/\u00a0 \u00a0<strong>A\u00f1o:<\/strong> 2019\u00a0 \/\u00a0 \u00a0<strong>Valor: <\/strong>$340.250.000<\/div><\/div><\/div><\/li>\n            <\/ul>\n        <\/div>\n        \n    <\/div>\n<\/div><\/div>\n\n\n\n<div class=\"wp-block-columns is-layout-flex wp-container-core-columns-is-layout-9d6595d7 wp-block-columns-is-layout-flex\">\n<div class=\"wp-block-column is-layout-flow wp-block-column-is-layout-flow\" style=\"flex-basis:25%\"><\/div>\n\n\n\n<div class=\"wp-block-column is-layout-flow wp-block-column-is-layout-flow\" style=\"flex-basis:50%\"><div class=\"wp-block-image\">\n<figure class=\"aligncenter size-full\"><img loading=\"lazy\" decoding=\"async\" width=\"320\" height=\"132\" src=\"https:\/\/atespro.com\/wp-content\/uploads\/2025\/05\/Grupo-Pasio\u0301n-SAS.png\" alt=\"\" class=\"wp-image-225\" srcset=\"https:\/\/atespro.com\/wp-content\/uploads\/2025\/05\/Grupo-Pasio\u0301n-SAS.png 320w, https:\/\/atespro.com\/wp-content\/uploads\/2025\/05\/Grupo-Pasio\u0301n-SAS-300x124.png 300w\" sizes=\"auto, (max-width: 320px) 100vw, 320px\" \/><\/figure>\n<\/div>\n\n\n<p class=\"has-text-align-center\"><strong>GRUPO PASION S.A.S.<\/strong><\/p>\n\n\n\n<p class=\"has-text-align-center\">NIT 900585934-9<\/p>\n\n\n\n<p class=\"has-text-align-center\"><strong>Ubicaci\u00f3n: <\/strong> <\/p>\n\n\n\n<p class=\"has-text-align-center\"><strong>Sede Principal Bogot\u00e1 <\/strong>&#8211; Carrera 7C # 148 &#8211; 55   \/   <strong>Sede Nari\u00f1o Tumaco<\/strong> \/ Miramar Mz 4 Casa 39<\/p>\n\n\n\n<p class=\"has-text-align-center\"><strong>Tel\u00e9fonos:<\/strong>  +57 3116540774  \/ +57 3183559459<\/p>\n\n\n\n<div class=\"wp-block-columns is-layout-flex wp-container-core-columns-is-layout-9d6595d7 wp-block-columns-is-layout-flex\">\n<div class=\"wp-block-column is-layout-flow wp-block-column-is-layout-flow\"><div class=\"wp-block-image\">\n<figure class=\"aligncenter size-full is-resized\"><a href=\"https:\/\/www.facebook.com\/profile.php?id=61576861349433\" target=\"_blank\" rel=\" noreferrer noopener\"><img loading=\"lazy\" decoding=\"async\" width=\"100\" height=\"100\" src=\"https:\/\/atespro.com\/wp-content\/uploads\/2025\/05\/atespro-icono-facebook.png\" alt=\"\" class=\"wp-image-229\" style=\"width:82px;height:auto\"\/><\/a><\/figure>\n<\/div><\/div>\n\n\n\n<div class=\"wp-block-column is-layout-flow wp-block-column-is-layout-flow\"><div class=\"wp-block-image\">\n<figure class=\"aligncenter size-full is-resized\"><a href=\"https:\/\/www.instagram.com\/atesprocolombia\/\" target=\"_blank\" rel=\" noreferrer noopener\"><img loading=\"lazy\" decoding=\"async\" width=\"100\" height=\"100\" src=\"https:\/\/atespro.com\/wp-content\/uploads\/2025\/05\/atespro-icono-instagram.png\" alt=\"\" class=\"wp-image-230\" style=\"width:80px;height:auto\"\/><\/a><\/figure>\n<\/div><\/div>\n\n\n\n<div class=\"wp-block-column is-layout-flow wp-block-column-is-layout-flow\"><div class=\"wp-block-image\">\n<figure class=\"aligncenter size-full is-resized\"><img loading=\"lazy\" decoding=\"async\" width=\"100\" height=\"100\" src=\"https:\/\/atespro.com\/wp-content\/uploads\/2025\/05\/atespro-icono-youtube.png\" alt=\"\" class=\"wp-image-231\" style=\"width:76px;height:auto\"\/><\/figure>\n<\/div><\/div>\n\n\n\n<div class=\"wp-block-column is-layout-flow wp-block-column-is-layout-flow\"><div class=\"wp-block-image\">\n<figure class=\"aligncenter size-full is-resized\"><img loading=\"lazy\" decoding=\"async\" width=\"100\" height=\"100\" src=\"https:\/\/atespro.com\/wp-content\/uploads\/2025\/05\/atespro-icono-WathSapp.png\" alt=\"\" class=\"wp-image-232\" style=\"width:76px;height:auto\"\/><\/figure>\n<\/div><\/div>\n<\/div>\n\n\n\n<p class=\"has-text-align-center\">Todos los derechos reservados<\/p>\n<\/div>\n\n\n\n<div class=\"wp-block-column is-layout-flow wp-block-column-is-layout-flow\" style=\"flex-basis:25%\"><\/div>\n<\/div>\n<\/div><\/div>\n","protected":false},"excerpt":{"rendered":"<p>\u00bfQuienes Somos? La Agencia T\u00e9cnica de Estructuraci\u00f3n de Proyectos es una firma de consultor\u00eda privada con m\u00e1s de 12 a\u00f1os de trayectoria y experiencia en la formulaci\u00f3n, estructuraci\u00f3n, gesti\u00f3n y gerencia de proyectos de inversi\u00f3n p\u00fablica y privada. La Agencia es una marca que pertenece a la empresa Grupo Pasi\u00f3n SAS identificada con NIT 900595934-9 &#8230; <a title=\"Quienes Somos\" class=\"read-more\" href=\"https:\/\/atespro.com\/\" aria-label=\"Leer m\u00e1s sobre Quienes Somos\">Leer m\u00e1s<\/a><\/p>\n","protected":false},"author":1,"featured_media":0,"parent":0,"menu_order":0,"comment_status":"closed","ping_status":"closed","template":"","meta":{"footnotes":""},"class_list":["post-2","page","type-page","status-publish"],"_links":{"self":[{"href":"https:\/\/atespro.com\/index.php?rest_route=\/wp\/v2\/pages\/2","targetHints":{"allow":["GET"]}}],"collection":[{"href":"https:\/\/atespro.com\/index.php?rest_route=\/wp\/v2\/pages"}],"about":[{"href":"https:\/\/atespro.com\/index.php?rest_route=\/wp\/v2\/types\/page"}],"author":[{"embeddable":true,"href":"https:\/\/atespro.com\/index.php?rest_route=\/wp\/v2\/users\/1"}],"replies":[{"embeddable":true,"href":"https:\/\/atespro.com\/index.php?rest_route=%2Fwp%2Fv2%2Fcomments&post=2"}],"version-history":[{"count":81,"href":"https:\/\/atespro.com\/index.php?rest_route=\/wp\/v2\/pages\/2\/revisions"}],"predecessor-version":[{"id":245,"href":"https:\/\/atespro.com\/index.php?rest_route=\/wp\/v2\/pages\/2\/revisions\/245"}],"wp:attachment":[{"href":"https:\/\/atespro.com\/index.php?rest_route=%2Fwp%2Fv2%2Fmedia&parent=2"}],"curies":[{"name":"wp","href":"https:\/\/api.w.org\/{rel}","templated":true}]}}